{"id":10,"date":"2024-06-03T20:48:32","date_gmt":"2024-06-03T18:48:32","guid":{"rendered":"https:\/\/le-potager-des-aubepines.fr\/index.php\/boutique\/"},"modified":"2024-06-22T09:36:18","modified_gmt":"2024-06-22T07:36:18","slug":"produits","status":"publish","type":"page","link":"https:\/\/le-potager-des-aubepines.fr\/","title":{"rendered":"Produits"},"content":{"rendered":"\n<div class=\"wp-block-cover alignfull\"><span aria-hidden=\"true\" class=\"wp-block-cover__background has-background-dim\"><\/span><img loading=\"lazy\" decoding=\"async\" width=\"1280\" height=\"848\" class=\"wp-block-cover__image-background wp-image-338\" alt=\"\" src=\"http:\/\/le-potager-des-aubepines.fr\/wp-content\/uploads\/2024\/06\/Photo_Aubepine_Serre-2.webp\" data-object-fit=\"cover\" srcset=\"https:\/\/le-potager-des-aubepines.fr\/wp-content\/uploads\/2024\/06\/Photo_Aubepine_Serre-2.webp 1280w, https:\/\/le-potager-des-aubepines.fr\/wp-content\/uploads\/2024\/06\/Photo_Aubepine_Serre-2-300x199.webp 300w, https:\/\/le-potager-des-aubepines.fr\/wp-content\/uploads\/2024\/06\/Photo_Aubepine_Serre-2-1024x678.webp 1024w, https:\/\/le-potager-des-aubepines.fr\/wp-content\/uploads\/2024\/06\/Photo_Aubepine_Serre-2-768x509.webp 768w, https:\/\/le-potager-des-aubepines.fr\/wp-content\/uploads\/2024\/06\/Photo_Aubepine_Serre-2-600x398.webp 600w\" sizes=\"auto, (max-width: 1280px) 100vw, 1280px\" \/><div class=\"wp-block-cover__inner-container has-global-padding is-layout-constrained wp-block-cover-is-layout-constrained\">\n<h2 class=\"wp-block-heading has-text-align-center\">Nos produits<\/h2>\n\n\n\n<p class=\"has-text-align-center has-text-color has-poppins-font-family\" style=\"color:#ffffff;font-size:clamp(14px, 0.875rem + ((1vw - 3.2px) * 0.104), 15px);\"><strong>Les Aub\u00e9pines<\/strong> est une exploitation mara\u00eech\u00e8re BIO, certifi\u00e9e depuis 2023.<\/p>\n\n\n\n<p class=\"has-text-align-center has-text-color has-poppins-font-family\" style=\"color:#ffffff;font-size:clamp(14px, 0.875rem + ((1vw - 3.2px) * 0.104), 15px);\">Cultivant au rythme des saisons, \u00e0 l&rsquo;\u00e9coutes des plantes, qui plus es, en altitude, les produits disponibles \u00e9voluent au fil de l&rsquo;ann\u00e9e.<\/p>\n<\/div><\/div>\n\n\n\n<div class=\"wp-block-group alignwide has-border-color has-contrast-2-border-color has-global-padding is-layout-constrained wp-container-core-group-is-layout-fdf831a8 wp-block-group-is-layout-constrained\" style=\"border-width:2px;border-radius:10px;margin-top:var(--wp--preset--spacing--10);margin-bottom:var(--wp--preset--spacing--10);padding-top:var(--wp--preset--spacing--20);padding-right:var(--wp--preset--spacing--50);padding-bottom:var(--wp--preset--spacing--20);padding-left:var(--wp--preset--spacing--50)\">\n<div class=\"wp-block-group alignwide is-nowrap is-layout-flex wp-container-core-group-is-layout-6c531013 wp-block-group-is-layout-flex\">\n<figure class=\"wp-block-image size-full is-resized\"><img loading=\"lazy\" decoding=\"async\" width=\"640\" height=\"456\" src=\"http:\/\/le-potager-des-aubepines.fr\/wp-content\/uploads\/2024\/06\/legumes-jpg.webp\" alt=\"\" class=\"wp-image-301\" style=\"aspect-ratio:1;object-fit:cover;width:auto;height:250px\" srcset=\"https:\/\/le-potager-des-aubepines.fr\/wp-content\/uploads\/2024\/06\/legumes-jpg.webp 640w, https:\/\/le-potager-des-aubepines.fr\/wp-content\/uploads\/2024\/06\/legumes-300x214.webp 300w, https:\/\/le-potager-des-aubepines.fr\/wp-content\/uploads\/2024\/06\/legumes-600x428.webp 600w\" sizes=\"auto, (max-width: 640px) 100vw, 640px\" \/><\/figure>\n\n\n\n<div class=\"wp-block-group is-vertical is-layout-flex wp-container-core-group-is-layout-fe9cc265 wp-block-group-is-layout-flex\">\n<h2 class=\"wp-block-heading has-text-align-center has-large-font-size\">L\u00c9GUMES DISPONIBLES<\/h2>\n\n\n\n<p>Les l\u00e9gumes produits sur l\u2019exploitation \u00e9voluent au fil de la saison<\/p>\n<\/div>\n<\/div>\n\n\n<div data-block-name=\"woocommerce\/product-category\" data-columns=\"6\" data-rows=\"6\" data-content-visibility=\"{&quot;image&quot;:true,&quot;title&quot;:true,&quot;price&quot;:true,&quot;rating&quot;:false,&quot;button&quot;:true}\" data-categories=\"[18]\" data-stock-status=\"[&quot;&quot;,&quot;&quot;,&quot;&quot;,&quot;instock&quot;]\" data-orderby=\"title\" class=\"wc-block-grid wp-block-product-category wc-block-product-category has-6-columns has-multiple-rows alignwide\"><ul class=\"wc-block-grid__products\"><li class=\"wc-block-grid__product\">\n\t\t\t\t<a href=\"https:\/\/le-potager-des-aubepines.fr\/index.php\/produit\/courgettes-kg\/\" class=\"wc-block-grid__product-link\">\n\t\t\t\t\t\n\t\t\t\t\t<div class=\"wc-block-grid__product-image\"><img loading=\"lazy\" decoding=\"async\" width=\"300\" height=\"300\" src=\"https:\/\/le-potager-des-aubepines.fr\/wp-content\/uploads\/2024\/06\/petitpois-300x300.jpg\" class=\"attachment-woocommerce_thumbnail size-woocommerce_thumbnail\" alt=\"Courgettes (kg)\" srcset=\"https:\/\/le-potager-des-aubepines.fr\/wp-content\/uploads\/2024\/06\/petitpois-300x300.jpg 300w, https:\/\/le-potager-des-aubepines.fr\/wp-content\/uploads\/2024\/06\/petitpois-150x150.jpg 150w, https:\/\/le-potager-des-aubepines.fr\/wp-content\/uploads\/2024\/06\/petitpois-600x599.jpg 600w, https:\/\/le-potager-des-aubepines.fr\/wp-content\/uploads\/2024\/06\/petitpois-100x100.jpg 100w, https:\/\/le-potager-des-aubepines.fr\/wp-content\/uploads\/2024\/06\/petitpois.jpg 640w\" sizes=\"auto, (max-width: 300px) 100vw, 300px\" \/><\/div>\n\t\t\t\t\t<div class=\"wc-block-grid__product-title\">Courgettes (kg)<\/div>\n\t\t\t\t<\/a>\n\t\t\t\t<div class=\"wc-block-grid__product-price price\"><span class=\"woocommerce-Price-amount amount\">3,99&nbsp;<span class=\"woocommerce-Price-currencySymbol\">&euro;<\/span><\/span><\/div>\n\t\t\t\t\n\t\t\t\t<div class=\"wp-block-button wc-block-grid__product-add-to-cart\"><a href=\"?add-to-cart=333\" aria-label=\"Add to cart: &ldquo;Courgettes (kg)&rdquo;\" data-quantity=\"1\" data-product_id=\"333\" data-product_sku=\"\" data-price=\"3.99\" rel=\"nofollow\" class=\"wp-block-button__link wp-element-button add_to_cart_button ajax_add_to_cart\">Add to cart<\/a><\/div>\n\t\t\t<\/li><li class=\"wc-block-grid__product\">\n\t\t\t\t<a href=\"https:\/\/le-potager-des-aubepines.fr\/index.php\/produit\/haricots\/\" class=\"wc-block-grid__product-link\">\n\t\t\t\t\t\n\t\t\t\t\t<div class=\"wc-block-grid__product-image\"><img loading=\"lazy\" decoding=\"async\" width=\"300\" height=\"300\" src=\"https:\/\/le-potager-des-aubepines.fr\/wp-content\/uploads\/2024\/06\/haricots-300x300.webp\" class=\"attachment-woocommerce_thumbnail size-woocommerce_thumbnail\" alt=\"Haricots (kg)\" srcset=\"https:\/\/le-potager-des-aubepines.fr\/wp-content\/uploads\/2024\/06\/haricots-300x300.webp 300w, https:\/\/le-potager-des-aubepines.fr\/wp-content\/uploads\/2024\/06\/haricots-150x150.webp 150w, https:\/\/le-potager-des-aubepines.fr\/wp-content\/uploads\/2024\/06\/haricots-100x100.webp 100w\" sizes=\"auto, (max-width: 300px) 100vw, 300px\" \/><\/div>\n\t\t\t\t\t<div class=\"wc-block-grid__product-title\">Haricots (kg)<\/div>\n\t\t\t\t<\/a>\n\t\t\t\t<div class=\"wc-block-grid__product-price price\"><span class=\"woocommerce-Price-amount amount\">2,50&nbsp;<span class=\"woocommerce-Price-currencySymbol\">&euro;<\/span><\/span><\/div>\n\t\t\t\t\n\t\t\t\t<div class=\"wp-block-button wc-block-grid__product-add-to-cart\"><a href=\"?add-to-cart=67\" aria-label=\"Add to cart: &ldquo;Haricots (kg)&rdquo;\" data-quantity=\"1\" data-product_id=\"67\" data-product_sku=\"\" data-price=\"2.5\" rel=\"nofollow\" class=\"wp-block-button__link wp-element-button add_to_cart_button ajax_add_to_cart\">Add to cart<\/a><\/div>\n\t\t\t<\/li><li class=\"wc-block-grid__product\">\n\t\t\t\t<a href=\"https:\/\/le-potager-des-aubepines.fr\/index.php\/produit\/petit-pois-kg\/\" class=\"wc-block-grid__product-link\">\n\t\t\t\t\t\n\t\t\t\t\t<div class=\"wc-block-grid__product-image\"><img loading=\"lazy\" decoding=\"async\" width=\"300\" height=\"300\" src=\"https:\/\/le-potager-des-aubepines.fr\/wp-content\/uploads\/2024\/06\/petitpois-300x300.jpg\" class=\"attachment-woocommerce_thumbnail size-woocommerce_thumbnail\" alt=\"Petit pois (kg)\" srcset=\"https:\/\/le-potager-des-aubepines.fr\/wp-content\/uploads\/2024\/06\/petitpois-300x300.jpg 300w, https:\/\/le-potager-des-aubepines.fr\/wp-content\/uploads\/2024\/06\/petitpois-150x150.jpg 150w, https:\/\/le-potager-des-aubepines.fr\/wp-content\/uploads\/2024\/06\/petitpois-600x599.jpg 600w, https:\/\/le-potager-des-aubepines.fr\/wp-content\/uploads\/2024\/06\/petitpois-100x100.jpg 100w, https:\/\/le-potager-des-aubepines.fr\/wp-content\/uploads\/2024\/06\/petitpois.jpg 640w\" sizes=\"auto, (max-width: 300px) 100vw, 300px\" \/><\/div>\n\t\t\t\t\t<div class=\"wc-block-grid__product-title\">Petit pois (kg)<\/div>\n\t\t\t\t<\/a>\n\t\t\t\t<div class=\"wc-block-grid__product-price price\"><span class=\"woocommerce-Price-amount amount\">3,99&nbsp;<span class=\"woocommerce-Price-currencySymbol\">&euro;<\/span><\/span><\/div>\n\t\t\t\t\n\t\t\t\t<div class=\"wp-block-button wc-block-grid__product-add-to-cart\"><a href=\"?add-to-cart=322\" aria-label=\"Add to cart: &ldquo;Petit pois (kg)&rdquo;\" data-quantity=\"1\" data-product_id=\"322\" data-product_sku=\"\" data-price=\"3.99\" rel=\"nofollow\" class=\"wp-block-button__link wp-element-button add_to_cart_button ajax_add_to_cart\">Add to cart<\/a><\/div>\n\t\t\t<\/li><li class=\"wc-block-grid__product\">\n\t\t\t\t<a href=\"https:\/\/le-potager-des-aubepines.fr\/index.php\/produit\/radis\/\" class=\"wc-block-grid__product-link\">\n\t\t\t\t\t\n\t\t\t\t\t<div class=\"wc-block-grid__product-image\"><img loading=\"lazy\" decoding=\"async\" width=\"300\" height=\"300\" src=\"https:\/\/le-potager-des-aubepines.fr\/wp-content\/uploads\/2024\/06\/radis-300x300.webp\" class=\"attachment-woocommerce_thumbnail size-woocommerce_thumbnail\" alt=\"Radis (botte)\" srcset=\"https:\/\/le-potager-des-aubepines.fr\/wp-content\/uploads\/2024\/06\/radis-300x300.webp 300w, https:\/\/le-potager-des-aubepines.fr\/wp-content\/uploads\/2024\/06\/radis-150x150.webp 150w, https:\/\/le-potager-des-aubepines.fr\/wp-content\/uploads\/2024\/06\/radis-100x100.webp 100w\" sizes=\"auto, (max-width: 300px) 100vw, 300px\" \/><\/div>\n\t\t\t\t\t<div class=\"wc-block-grid__product-title\">Radis (botte)<\/div>\n\t\t\t\t<\/a>\n\t\t\t\t<div class=\"wc-block-grid__product-price price\"><span class=\"woocommerce-Price-amount amount\">4,00&nbsp;<span class=\"woocommerce-Price-currencySymbol\">&euro;<\/span><\/span><\/div>\n\t\t\t\t\n\t\t\t\t<div class=\"wp-block-button wc-block-grid__product-add-to-cart\"><a href=\"?add-to-cart=71\" aria-label=\"Add to cart: &ldquo;Radis (botte)&rdquo;\" data-quantity=\"1\" data-product_id=\"71\" data-product_sku=\"\" data-price=\"4\" rel=\"nofollow\" class=\"wp-block-button__link wp-element-button add_to_cart_button ajax_add_to_cart\">Add to cart<\/a><\/div>\n\t\t\t<\/li><\/ul><\/div><\/div>\n\n\n\n<div class=\"wp-block-group alignwide has-border-color has-contrast-2-border-color has-global-padding is-layout-constrained wp-container-core-group-is-layout-fdf831a8 wp-block-group-is-layout-constrained\" style=\"border-width:2px;border-radius:10px;margin-top:var(--wp--preset--spacing--10);margin-bottom:var(--wp--preset--spacing--10);padding-top:var(--wp--preset--spacing--20);padding-right:var(--wp--preset--spacing--50);padding-bottom:var(--wp--preset--spacing--20);padding-left:var(--wp--preset--spacing--50)\">\n<div class=\"wp-block-group alignwide is-nowrap is-layout-flex wp-container-core-group-is-layout-6c531013 wp-block-group-is-layout-flex\">\n<figure class=\"wp-block-image size-full is-resized\"><img loading=\"lazy\" decoding=\"async\" width=\"640\" height=\"440\" src=\"http:\/\/le-potager-des-aubepines.fr\/wp-content\/uploads\/2024\/06\/plants-jpg.webp\" alt=\"\" class=\"wp-image-302\" style=\"aspect-ratio:1;object-fit:cover;width:auto;height:250px\" srcset=\"https:\/\/le-potager-des-aubepines.fr\/wp-content\/uploads\/2024\/06\/plants-jpg.webp 640w, https:\/\/le-potager-des-aubepines.fr\/wp-content\/uploads\/2024\/06\/plants-300x206.webp 300w, https:\/\/le-potager-des-aubepines.fr\/wp-content\/uploads\/2024\/06\/plants-600x413.webp 600w\" sizes=\"auto, (max-width: 640px) 100vw, 640px\" \/><\/figure>\n\n\n\n<div class=\"wp-block-group is-vertical is-layout-flex wp-container-core-group-is-layout-fe9cc265 wp-block-group-is-layout-flex\">\n<h2 class=\"wp-block-heading has-text-align-center has-large-font-size\">Plantes en pots<\/h2>\n\n\n\n<p>Les l\u00e9gumes produits sur l\u2019exploitation \u00e9voluent au fil de la saison<\/p>\n<\/div>\n<\/div>\n\n\n<div data-block-name=\"woocommerce\/product-category\" data-columns=\"6\" data-rows=\"6\" data-content-visibility=\"{&quot;image&quot;:true,&quot;title&quot;:true,&quot;price&quot;:true,&quot;rating&quot;:false,&quot;button&quot;:true}\" data-categories=\"[26]\" data-stock-status=\"[&quot;&quot;,&quot;&quot;,&quot;&quot;,&quot;instock&quot;]\" data-orderby=\"title\" class=\"wc-block-grid wp-block-product-category wc-block-product-category has-6-columns has-multiple-rows alignwide\"><ul class=\"wc-block-grid__products\"><li class=\"wc-block-grid__product\">\n\t\t\t\t<a href=\"https:\/\/le-potager-des-aubepines.fr\/index.php\/produit\/plant-de-courgette\/\" class=\"wc-block-grid__product-link\">\n\t\t\t\t\t\n\t\t\t\t\t<div class=\"wc-block-grid__product-image\"><img loading=\"lazy\" decoding=\"async\" width=\"300\" height=\"300\" src=\"https:\/\/le-potager-des-aubepines.fr\/wp-content\/uploads\/2024\/06\/plant-courgette-300x300.jpg\" class=\"attachment-woocommerce_thumbnail size-woocommerce_thumbnail\" alt=\"Plant de courgette\" srcset=\"https:\/\/le-potager-des-aubepines.fr\/wp-content\/uploads\/2024\/06\/plant-courgette-300x300.jpg 300w, https:\/\/le-potager-des-aubepines.fr\/wp-content\/uploads\/2024\/06\/plant-courgette-150x150.jpg 150w, https:\/\/le-potager-des-aubepines.fr\/wp-content\/uploads\/2024\/06\/plant-courgette-100x100.jpg 100w\" sizes=\"auto, (max-width: 300px) 100vw, 300px\" \/><\/div>\n\t\t\t\t\t<div class=\"wc-block-grid__product-title\">Plant de courgette<\/div>\n\t\t\t\t<\/a>\n\t\t\t\t<div class=\"wc-block-grid__product-price price\"><span class=\"woocommerce-Price-amount amount\">4,00&nbsp;<span class=\"woocommerce-Price-currencySymbol\">&euro;<\/span><\/span><\/div>\n\t\t\t\t\n\t\t\t\t<div class=\"wp-block-button wc-block-grid__product-add-to-cart\"><a href=\"?add-to-cart=281\" aria-label=\"Add to cart: &ldquo;Plant de courgette&rdquo;\" data-quantity=\"1\" data-product_id=\"281\" data-product_sku=\"\" data-price=\"4\" rel=\"nofollow\" class=\"wp-block-button__link wp-element-button add_to_cart_button ajax_add_to_cart\">Add to cart<\/a><\/div>\n\t\t\t<\/li><\/ul><\/div><\/div>\n\n\n\n<div class=\"wp-block-group alignwide has-border-color has-contrast-2-border-color has-global-padding is-layout-constrained wp-container-core-group-is-layout-fdf831a8 wp-block-group-is-layout-constrained\" style=\"border-width:2px;border-radius:10px;margin-top:var(--wp--preset--spacing--10);margin-bottom:var(--wp--preset--spacing--10);padding-top:var(--wp--preset--spacing--20);padding-right:var(--wp--preset--spacing--50);padding-bottom:var(--wp--preset--spacing--20);padding-left:var(--wp--preset--spacing--50)\">\n<div class=\"wp-block-group alignwide is-nowrap is-layout-flex wp-container-core-group-is-layout-6c531013 wp-block-group-is-layout-flex\">\n<figure class=\"wp-block-image size-full is-resized\"><img loading=\"lazy\" decoding=\"async\" width=\"640\" height=\"428\" src=\"http:\/\/le-potager-des-aubepines.fr\/wp-content\/uploads\/2024\/06\/herbes-fraiches-jpg.webp\" alt=\"\" class=\"wp-image-303\" style=\"aspect-ratio:1;object-fit:cover;width:auto;height:250px\" srcset=\"https:\/\/le-potager-des-aubepines.fr\/wp-content\/uploads\/2024\/06\/herbes-fraiches-jpg.webp 640w, https:\/\/le-potager-des-aubepines.fr\/wp-content\/uploads\/2024\/06\/herbes-fraiches-300x201.webp 300w, https:\/\/le-potager-des-aubepines.fr\/wp-content\/uploads\/2024\/06\/herbes-fraiches-600x401.webp 600w\" sizes=\"auto, (max-width: 640px) 100vw, 640px\" \/><\/figure>\n\n\n\n<div class=\"wp-block-group is-vertical is-layout-flex wp-container-core-group-is-layout-fe9cc265 wp-block-group-is-layout-flex\">\n<h2 class=\"wp-block-heading has-text-align-center has-large-font-size\">Herbes fra\u00eeches<\/h2>\n\n\n\n<p>Les l\u00e9gumes produits sur l\u2019exploitation \u00e9voluent au fil de la saison<\/p>\n<\/div>\n<\/div>\n\n\n<div data-block-name=\"woocommerce\/product-category\" data-columns=\"6\" data-rows=\"6\" data-content-visibility=\"{&quot;image&quot;:true,&quot;title&quot;:true,&quot;price&quot;:true,&quot;rating&quot;:false,&quot;button&quot;:true}\" data-categories=\"[27]\" data-stock-status=\"[&quot;&quot;,&quot;&quot;,&quot;&quot;,&quot;instock&quot;]\" data-orderby=\"title\" class=\"wc-block-grid wp-block-product-category wc-block-product-category has-6-columns has-multiple-rows alignwide\"><ul class=\"wc-block-grid__products\"><li class=\"wc-block-grid__product\">\n\t\t\t\t<a href=\"https:\/\/le-potager-des-aubepines.fr\/index.php\/produit\/persil\/\" class=\"wc-block-grid__product-link\">\n\t\t\t\t\t\n\t\t\t\t\t<div class=\"wc-block-grid__product-image\"><img loading=\"lazy\" decoding=\"async\" width=\"300\" height=\"300\" src=\"https:\/\/le-potager-des-aubepines.fr\/wp-content\/uploads\/2024\/06\/persil-300x300.jpg\" class=\"attachment-woocommerce_thumbnail size-woocommerce_thumbnail\" alt=\"Persil\" srcset=\"https:\/\/le-potager-des-aubepines.fr\/wp-content\/uploads\/2024\/06\/persil-300x300.jpg 300w, https:\/\/le-potager-des-aubepines.fr\/wp-content\/uploads\/2024\/06\/persil-150x150.jpg 150w, https:\/\/le-potager-des-aubepines.fr\/wp-content\/uploads\/2024\/06\/persil-100x100.jpg 100w\" sizes=\"auto, (max-width: 300px) 100vw, 300px\" \/><\/div>\n\t\t\t\t\t<div class=\"wc-block-grid__product-title\">Persil<\/div>\n\t\t\t\t<\/a>\n\t\t\t\t<div class=\"wc-block-grid__product-price price\"><span class=\"woocommerce-Price-amount amount\">3,75&nbsp;<span class=\"woocommerce-Price-currencySymbol\">&euro;<\/span><\/span><\/div>\n\t\t\t\t\n\t\t\t\t<div class=\"wp-block-button wc-block-grid__product-add-to-cart\"><a href=\"?add-to-cart=285\" aria-label=\"Add to cart: &ldquo;Persil&rdquo;\" data-quantity=\"1\" data-product_id=\"285\" data-product_sku=\"\" data-price=\"3.75\" rel=\"nofollow\" class=\"wp-block-button__link wp-element-button add_to_cart_button ajax_add_to_cart\">Add to cart<\/a><\/div>\n\t\t\t<\/li><\/ul><\/div><\/div>\n\n\n\n<div class=\"wp-block-group alignwide has-border-color has-contrast-2-border-color has-global-padding is-layout-constrained wp-container-core-group-is-layout-fdf831a8 wp-block-group-is-layout-constrained\" style=\"border-width:2px;border-radius:10px;margin-top:var(--wp--preset--spacing--10);margin-bottom:var(--wp--preset--spacing--10);padding-top:var(--wp--preset--spacing--20);padding-right:var(--wp--preset--spacing--50);padding-bottom:var(--wp--preset--spacing--20);padding-left:var(--wp--preset--spacing--50)\">\n<div class=\"wp-block-group alignwide is-nowrap is-layout-flex wp-container-core-group-is-layout-6c531013 wp-block-group-is-layout-flex\">\n<figure class=\"wp-block-image size-full is-resized\"><img loading=\"lazy\" decoding=\"async\" width=\"640\" height=\"640\" src=\"http:\/\/le-potager-des-aubepines.fr\/wp-content\/uploads\/2024\/06\/herbes-sechees-jpg.webp\" alt=\"\" class=\"wp-image-304\" style=\"aspect-ratio:1;object-fit:cover;width:auto;height:250px\" srcset=\"https:\/\/le-potager-des-aubepines.fr\/wp-content\/uploads\/2024\/06\/herbes-sechees-jpg.webp 640w, https:\/\/le-potager-des-aubepines.fr\/wp-content\/uploads\/2024\/06\/herbes-sechees-300x300.webp 300w, https:\/\/le-potager-des-aubepines.fr\/wp-content\/uploads\/2024\/06\/herbes-sechees-150x150.webp 150w, https:\/\/le-potager-des-aubepines.fr\/wp-content\/uploads\/2024\/06\/herbes-sechees-600x600.webp 600w, https:\/\/le-potager-des-aubepines.fr\/wp-content\/uploads\/2024\/06\/herbes-sechees-100x100.webp 100w\" sizes=\"auto, (max-width: 640px) 100vw, 640px\" \/><\/figure>\n\n\n\n<div class=\"wp-block-group is-vertical is-layout-flex wp-container-core-group-is-layout-fe9cc265 wp-block-group-is-layout-flex\">\n<h2 class=\"wp-block-heading has-text-align-center has-large-font-size\">Herbes s\u00e9ch\u00e9es<\/h2>\n\n\n\n<p>Les l\u00e9gumes produits sur l\u2019exploitation \u00e9voluent au fil de la saison<\/p>\n<\/div>\n<\/div>\n\n\n<div data-block-name=\"woocommerce\/product-category\" data-columns=\"6\" data-rows=\"6\" data-content-visibility=\"{&quot;image&quot;:true,&quot;title&quot;:true,&quot;price&quot;:true,&quot;rating&quot;:false,&quot;button&quot;:true}\" data-categories=\"[28]\" data-stock-status=\"[&quot;&quot;,&quot;&quot;,&quot;&quot;,&quot;instock&quot;]\" data-orderby=\"title\" class=\"wc-block-grid wp-block-product-category wc-block-product-category has-6-columns has-multiple-rows alignwide\"><ul class=\"wc-block-grid__products\"><li class=\"wc-block-grid__product\">\n\t\t\t\t<a href=\"https:\/\/le-potager-des-aubepines.fr\/index.php\/produit\/romarin\/\" class=\"wc-block-grid__product-link\">\n\t\t\t\t\t\n\t\t\t\t\t<div class=\"wc-block-grid__product-image\"><img loading=\"lazy\" decoding=\"async\" width=\"300\" height=\"300\" src=\"https:\/\/le-potager-des-aubepines.fr\/wp-content\/uploads\/2024\/06\/Romarin-300x300.jpg\" class=\"attachment-woocommerce_thumbnail size-woocommerce_thumbnail\" alt=\"Romarin\" srcset=\"https:\/\/le-potager-des-aubepines.fr\/wp-content\/uploads\/2024\/06\/Romarin-300x300.jpg 300w, https:\/\/le-potager-des-aubepines.fr\/wp-content\/uploads\/2024\/06\/Romarin-150x150.jpg 150w, https:\/\/le-potager-des-aubepines.fr\/wp-content\/uploads\/2024\/06\/Romarin-100x100.jpg 100w\" sizes=\"auto, (max-width: 300px) 100vw, 300px\" \/><\/div>\n\t\t\t\t\t<div class=\"wc-block-grid__product-title\">Romarin<\/div>\n\t\t\t\t<\/a>\n\t\t\t\t<div class=\"wc-block-grid__product-price price\"><span class=\"woocommerce-Price-amount amount\">25,50&nbsp;<span class=\"woocommerce-Price-currencySymbol\">&euro;<\/span><\/span><\/div>\n\t\t\t\t\n\t\t\t\t<div class=\"wp-block-button wc-block-grid__product-add-to-cart\"><a href=\"?add-to-cart=283\" aria-label=\"Add to cart: &ldquo;Romarin&rdquo;\" data-quantity=\"1\" data-product_id=\"283\" data-product_sku=\"\" data-price=\"25.5\" rel=\"nofollow\" class=\"wp-block-button__link wp-element-button add_to_cart_button ajax_add_to_cart\">Add to cart<\/a><\/div>\n\t\t\t<\/li><\/ul><\/div><\/div>\n","protected":false},"excerpt":{"rendered":"<p>L\u00c9GUMES DISPONIBLES Les l\u00e9gumes produits sur l\u2019exploitation \u00e9voluent au fil de la saison Plantes en pots Les l\u00e9gumes produits sur l\u2019exploitation \u00e9voluent au fil de la saison Herbes fra\u00eeches Les l\u00e9gumes produits sur l\u2019exploitation \u00e9voluent au fil de la saison Herbes s\u00e9ch\u00e9es Les l\u00e9gumes produits sur l\u2019exploitation \u00e9voluent au fil de la saison<\/p>\n","protected":false},"author":2,"featured_media":0,"parent":0,"menu_order":0,"comment_status":"closed","ping_status":"closed","template":"page-no-title","meta":{"footnotes":""},"class_list":["post-10","page","type-page","status-publish","hentry"],"aioseo_notices":[],"_links":{"self":[{"href":"https:\/\/le-potager-des-aubepines.fr\/index.php\/wp-json\/wp\/v2\/pages\/10","targetHints":{"allow":["GET"]}}],"collection":[{"href":"https:\/\/le-potager-des-aubepines.fr\/index.php\/wp-json\/wp\/v2\/pages"}],"about":[{"href":"https:\/\/le-potager-des-aubepines.fr\/index.php\/wp-json\/wp\/v2\/types\/page"}],"author":[{"embeddable":true,"href":"https:\/\/le-potager-des-aubepines.fr\/index.php\/wp-json\/wp\/v2\/users\/2"}],"replies":[{"embeddable":true,"href":"https:\/\/le-potager-des-aubepines.fr\/index.php\/wp-json\/wp\/v2\/comments?post=10"}],"version-history":[{"count":20,"href":"https:\/\/le-potager-des-aubepines.fr\/index.php\/wp-json\/wp\/v2\/pages\/10\/revisions"}],"predecessor-version":[{"id":339,"href":"https:\/\/le-potager-des-aubepines.fr\/index.php\/wp-json\/wp\/v2\/pages\/10\/revisions\/339"}],"wp:attachment":[{"href":"https:\/\/le-potager-des-aubepines.fr\/index.php\/wp-json\/wp\/v2\/media?parent=10"}],"curies":[{"name":"wp","href":"https:\/\/api.w.org\/{rel}","templated":true}]}}