{"id":140,"date":"2024-06-06T19:58:22","date_gmt":"2024-06-06T17:58:22","guid":{"rendered":"https:\/\/le-potager-des-aubepines.fr\/?page_id=140"},"modified":"2024-06-15T19:17:55","modified_gmt":"2024-06-15T17:17:55","slug":"gite-du-vercors-les-aubepines","status":"publish","type":"page","link":"https:\/\/le-potager-des-aubepines.fr\/index.php\/gite-du-vercors-les-aubepines\/","title":{"rendered":"G\u00eete du Vercors, les aub\u00e9pines"},"content":{"rendered":"\n<div class=\"wp-block-cover is-light alignfull\" style=\"padding-top:var(--wp--preset--spacing--50);padding-right:var(--wp--preset--spacing--40);padding-bottom:var(--wp--preset--spacing--40);padding-left:var(--wp--preset--spacing--40);min-height:350px;aspect-ratio:unset;\"><span aria-hidden=\"true\" class=\"wp-block-cover__background has-base-2-background-color has-background-dim-40 has-background-dim\"><\/span><img loading=\"lazy\" decoding=\"async\" width=\"1080\" height=\"720\" class=\"wp-block-cover__image-background wp-image-297\" alt=\"\" src=\"http:\/\/le-potager-des-aubepines.fr\/wp-content\/uploads\/2024\/06\/1000012117.webp\" style=\"object-position:37% 60%\" data-object-fit=\"cover\" data-object-position=\"37% 60%\" srcset=\"https:\/\/le-potager-des-aubepines.fr\/wp-content\/uploads\/2024\/06\/1000012117.webp 1080w, https:\/\/le-potager-des-aubepines.fr\/wp-content\/uploads\/2024\/06\/1000012117-300x200.webp 300w, https:\/\/le-potager-des-aubepines.fr\/wp-content\/uploads\/2024\/06\/1000012117-1024x683.webp 1024w, https:\/\/le-potager-des-aubepines.fr\/wp-content\/uploads\/2024\/06\/1000012117-768x512.webp 768w, https:\/\/le-potager-des-aubepines.fr\/wp-content\/uploads\/2024\/06\/1000012117-600x400.webp 600w\" sizes=\"auto, (max-width: 1080px) 100vw, 1080px\" \/><div class=\"wp-block-cover__inner-container has-global-padding is-layout-constrained wp-container-core-cover-is-layout-57204a85 wp-block-cover-is-layout-constrained\">\n<p>G\u00eete du Vercors<strong>\u2606\u2606<\/strong><\/p>\n\n\n\n<h2 class=\"wp-block-heading alignwide has-text-align-center text-balance has-xx-large-font-size\" style=\"margin-top:0;margin-right:0;margin-bottom:0;margin-left:0\">Les aub\u00e9pines<\/h2>\n\n\n\n<div class=\"wp-block-group is-vertical is-content-justification-center is-layout-flex wp-container-core-group-is-layout-ce155fab wp-block-group-is-layout-flex\">\n<p class=\"has-text-align-center has-theme-2-color has-text-color has-link-color wp-elements-b946efa979ca7981e0d574e1de23865b\">G\u00eete id\u00e9alement plac\u00e9 pour les s\u00e9jours d&rsquo;\u00e9t\u00e9 et d&rsquo;hiver au beau milieu du Vercors<\/p>\n\n\n\n<div class=\"wp-block-buttons is-horizontal is-content-justification-left is-layout-flex wp-container-core-buttons-is-layout-a86bb09c wp-block-buttons-is-layout-flex\">\n<div class=\"wp-block-button\"><a class=\"wp-block-button__link has-contrast-color has-text-color has-background has-link-color wp-element-button\" href=\"https:\/\/le-potager-des-aubepines.fr\/index.php\/contact\/\" style=\"background-color:#ffff00\">R\u00e9server un s\u00e9jour par mail<\/a><\/div>\n\n\n\n<div class=\"wp-block-button\"><a class=\"wp-block-button__link has-contrast-color has-text-color has-background has-link-color wp-element-button\" href=\"https:\/\/www.airbnb.fr\/rooms\/939680896417103995?viralityEntryPoint=1&amp;s=76\" style=\"background-color:#ffff00\">R\u00e9server un s\u00e9jour via Airbnb<\/a><\/div>\n<\/div>\n<\/div>\n<\/div><\/div>\n\n\n\n<div class=\"wp-block-columns alignfull is-layout-flex wp-container-core-columns-is-layout-dfee966e wp-block-columns-is-layout-flex\" style=\"margin-top:0;margin-bottom:0;padding-top:var(--wp--preset--spacing--20);padding-right:var(--wp--preset--spacing--20);padding-bottom:var(--wp--preset--spacing--20);padding-left:var(--wp--preset--spacing--20)\">\n<div class=\"wp-block-column is-vertically-aligned-center is-layout-flow wp-block-column-is-layout-flow\" style=\"flex-basis:400px\">\n<iframe src=\"https:\/\/www.google.com\/maps\/embed?pb=!1m17!1m12!1m3!1d2827.029259734911!2d5.393504699999999!3d44.8820535!2m3!1f0!2f0!3f0!3m2!1i1024!2i768!4f13.1!3m2!1m1!2zNDTCsDUyJzU1LjQiTiA1wrAyMyczNi42IkU!5e0!3m2!1sfr!2sfr!4v1717696999267!5m2!1sfr!2sfr\" width=\"400\" height=\"300\" style=\"border:0;\" allowfullscreen=\"\" loading=\"lazy\" referrerpolicy=\"no-referrer-when-downgrade\"><\/iframe>\n\n\n\n<h4 class=\"wp-block-heading\">Disponibilit\u00e9s<\/h4>\n\n\n\n<iframe loading=\"lazy\" width=\"350\" height=\"400\" src=\"https:\/\/intranet.vercors-drome.com\/disponibilites\/calendrier\/516-4724-44\/iframe.html\" frameborder=\"0\" allowfullscreen><\/iframe>\n<\/div>\n\n\n\n<div class=\"wp-block-column is-layout-flow wp-block-column-is-layout-flow\">\n<p>D\u00e9couvrez notre logement nich\u00e9 \u00e0 1100m d&rsquo;altitude, au c\u0153ur du magnifique parc naturel r\u00e9gional du Vercors. Id\u00e9alement situ\u00e9 pour vos s\u00e9jours d&rsquo;\u00e9t\u00e9 et d&rsquo;hiver, notre g\u00eete de montagne vous offre un acc\u00e8s privil\u00e9gi\u00e9 \u00e0 une multitude d&rsquo;activit\u00e9s de plein air.<\/p>\n\n\n\n<p>Situ\u00e9 \u00e0 seulement 1 km du stade de ski nordique, biathlon, raquettes et chiens de tra\u00eeneaux, notre logement est \u00e9galement \u00e0 seulement 15 minutes de la station de Font d&rsquo;Urle et \u00e0 9 minutes du col du Rousset pour le ski alpin. Les amateurs de randonn\u00e9e seront combl\u00e9s par la proximit\u00e9 imm\u00e9diate de diff\u00e9rents sentiers de randonn\u00e9e, dont le c\u00e9l\u00e8bre GR GTV et l&rsquo;itin\u00e9raire VTT, ainsi que la possibilit\u00e9 de pratiquer l&rsquo;\u00e9quitation.<\/p>\n\n\n\n<p>Notre appartement de plain-pied, situ\u00e9 au rez-de-chauss\u00e9e de notre maison, est \u00e9quip\u00e9 de tout le confort n\u00e9cessaire pour des vacances r\u00e9ussies. Vous b\u00e9n\u00e9ficierez d&rsquo;une entr\u00e9e ind\u00e9pendante pour une intimit\u00e9 totale. Le logement est situ\u00e9 \u00e0 seulement 2 km du village pittoresque de Vassieux-en-Vercors, o\u00f9 vous trouverez toutes les commodit\u00e9s n\u00e9cessaires, telles qu&rsquo;une boulangerie, une \u00e9picerie, des restaurants, un bureau de tabac et bien plus encore.<\/p>\n\n\n\n<p>L&rsquo;acc\u00e8s \u00e0 notre appartement est tr\u00e8s facile, avec un stationnement sur un parking priv\u00e9 en bordure de la D76. N&rsquo;h\u00e9sitez plus, r\u00e9server notre g\u00eete du Vercors !<\/p>\n\n\n\n<p><\/p>\n<\/div>\n<\/div>\n\n\n\n<div class=\"wp-block-columns alignwide is-layout-flex wp-container-core-columns-is-layout-b0bab6eb wp-block-columns-is-layout-flex\" style=\"margin-top:var(--wp--preset--spacing--40);margin-bottom:var(--wp--preset--spacing--40)\">\n<div class=\"wp-block-column is-layout-flow wp-block-column-is-layout-flow\" style=\"flex-basis:33.33%\">\n<p>Equipements<\/p>\n<\/div>\n\n\n\n<div class=\"wp-block-column is-layout-flow wp-block-column-is-layout-flow\" style=\"flex-basis:66.66%\">\n<div class=\"wp-block-group is-layout-grid wp-container-core-group-is-layout-988b637e wp-block-group-is-layout-grid\">\n<div class=\"wp-block-group has-contrast-color has-accent-4-background-color has-text-color has-background has-link-color wp-elements-882da79d1d47ff1095250942b48602b2 has-global-padding is-content-justification-center is-layout-constrained wp-container-core-group-is-layout-c080d135 wp-block-group-is-layout-constrained\" style=\"border-radius:10px;min-height:30px;margin-top:0;margin-bottom:0;padding-top:0;padding-right:var(--wp--preset--spacing--20);padding-bottom:0;padding-left:var(--wp--preset--spacing--20)\">\n<p class=\"has-text-align-center has-medium-font-size\">Salon de jardin<\/p>\n<\/div>\n\n\n\n<div class=\"wp-block-group has-contrast-color has-accent-4-background-color has-text-color has-background has-link-color wp-elements-881348f2462409cd4e6978774bc7502b has-global-padding is-content-justification-center is-layout-constrained wp-container-core-group-is-layout-c080d135 wp-block-group-is-layout-constrained\" style=\"border-radius:10px;min-height:30px;margin-top:0;margin-bottom:0;padding-top:0;padding-right:var(--wp--preset--spacing--20);padding-bottom:0;padding-left:var(--wp--preset--spacing--20)\">\n<p class=\"has-text-align-center has-medium-font-size\">Barbecue<\/p>\n<\/div>\n\n\n\n<div class=\"wp-block-group has-contrast-color has-accent-4-background-color has-text-color has-background has-link-color wp-elements-7eb0ebc2a1b5d591a881d627ffcb0c3c has-global-padding is-content-justification-center is-layout-constrained wp-container-core-group-is-layout-c080d135 wp-block-group-is-layout-constrained\" style=\"border-radius:10px;min-height:30px;margin-top:0;margin-bottom:0;padding-top:0;padding-right:var(--wp--preset--spacing--20);padding-bottom:0;padding-left:var(--wp--preset--spacing--20)\">\n<p class=\"has-text-align-center has-medium-font-size\">Four<\/p>\n<\/div>\n\n\n\n<div class=\"wp-block-group has-contrast-color has-accent-4-background-color has-text-color has-background has-link-color wp-elements-046a4695f849620d2a66a6af0e636938 has-global-padding is-content-justification-center is-layout-constrained wp-container-core-group-is-layout-c080d135 wp-block-group-is-layout-constrained\" style=\"border-radius:10px;min-height:30px;margin-top:0;margin-bottom:0;padding-top:0;padding-right:var(--wp--preset--spacing--20);padding-bottom:0;padding-left:var(--wp--preset--spacing--20)\">\n<p class=\"has-text-align-center has-medium-font-size\">Micro-onde<\/p>\n<\/div>\n\n\n\n<div class=\"wp-block-group has-contrast-color has-accent-4-background-color has-text-color has-background has-link-color wp-elements-a3ca82ceae53b73950a5bb7d477445c5 has-global-padding is-content-justification-center is-layout-constrained wp-container-core-group-is-layout-c080d135 wp-block-group-is-layout-constrained\" style=\"border-radius:10px;min-height:30px;margin-top:0;margin-bottom:0;padding-top:0;padding-right:var(--wp--preset--spacing--20);padding-bottom:0;padding-left:var(--wp--preset--spacing--20)\">\n<p class=\"has-text-align-center has-medium-font-size\">Frigo-cong\u00e9lateur<\/p>\n<\/div>\n\n\n\n<div class=\"wp-block-group has-contrast-color has-accent-4-background-color has-text-color has-background has-link-color wp-elements-07419d5217fd072416b496e134ecd686 has-global-padding is-content-justification-center is-layout-constrained wp-container-core-group-is-layout-c080d135 wp-block-group-is-layout-constrained\" style=\"border-radius:10px;min-height:30px;margin-top:0;margin-bottom:0;padding-top:0;padding-right:var(--wp--preset--spacing--20);padding-bottom:0;padding-left:var(--wp--preset--spacing--20)\">\n<p class=\"has-text-align-center has-medium-font-size\">Cafeti\u00e8re<\/p>\n<\/div>\n\n\n\n<div class=\"wp-block-group has-contrast-color has-accent-4-background-color has-text-color has-background has-link-color wp-elements-dcbeb226b1b27745b0b3ae9e1029e334 has-global-padding is-content-justification-center is-layout-constrained wp-container-core-group-is-layout-c080d135 wp-block-group-is-layout-constrained\" style=\"border-radius:10px;min-height:30px;margin-top:0;margin-bottom:0;padding-top:0;padding-right:var(--wp--preset--spacing--20);padding-bottom:0;padding-left:var(--wp--preset--spacing--20)\">\n<p class=\"has-text-align-center has-medium-font-size\">Bouilloire<\/p>\n<\/div>\n\n\n\n<div class=\"wp-block-group has-contrast-color has-accent-4-background-color has-text-color has-background has-link-color wp-elements-ff9db901a9522840aa994cee7f7e2fc5 has-global-padding is-content-justification-center is-layout-constrained wp-container-core-group-is-layout-c080d135 wp-block-group-is-layout-constrained\" style=\"border-radius:10px;min-height:30px;margin-top:0;margin-bottom:0;padding-top:0;padding-right:var(--wp--preset--spacing--20);padding-bottom:0;padding-left:var(--wp--preset--spacing--20)\">\n<p class=\"has-text-align-center has-medium-font-size\">T\u00e9l\u00e9viseur<\/p>\n<\/div>\n<\/div>\n<\/div>\n<\/div>\n\n\n\n<div class=\"wp-block-columns alignwide is-layout-flex wp-container-core-columns-is-layout-b0bab6eb wp-block-columns-is-layout-flex\" style=\"margin-top:var(--wp--preset--spacing--40);margin-bottom:var(--wp--preset--spacing--40)\">\n<div class=\"wp-block-column is-layout-flow wp-block-column-is-layout-flow\" style=\"flex-basis:33.33%\">\n<p>Services<\/p>\n<\/div>\n\n\n\n<div class=\"wp-block-column is-layout-flow wp-block-column-is-layout-flow\" style=\"flex-basis:66.66%\">\n<div class=\"wp-block-group is-layout-grid wp-container-core-group-is-layout-988b637e wp-block-group-is-layout-grid\">\n<div class=\"wp-block-group has-contrast-color has-accent-4-background-color has-text-color has-background has-link-color wp-elements-bc27d1cb0dcd056aeb37d6ac5e43d3c3 has-global-padding is-content-justification-center is-layout-constrained wp-container-core-group-is-layout-c080d135 wp-block-group-is-layout-constrained\" style=\"border-radius:10px;min-height:30px;margin-top:0;margin-bottom:0;padding-top:0;padding-right:var(--wp--preset--spacing--20);padding-bottom:0;padding-left:var(--wp--preset--spacing--20)\">\n<p class=\"has-text-align-center has-medium-font-size\">Wifi gratuit<\/p>\n<\/div>\n\n\n\n<div class=\"wp-block-group has-contrast-color has-accent-4-background-color has-text-color has-background has-link-color wp-elements-94f0dffa8690edfc64b3c177fdc55ae6 has-global-padding is-content-justification-center is-layout-constrained wp-container-core-group-is-layout-c080d135 wp-block-group-is-layout-constrained\" style=\"border-radius:10px;min-height:30px;margin-top:0;margin-bottom:0;padding-top:0;padding-right:var(--wp--preset--spacing--20);padding-bottom:0;padding-left:var(--wp--preset--spacing--20)\">\n<p class=\"has-text-align-center has-medium-font-size\">Parking privatif<\/p>\n<\/div>\n\n\n\n<div class=\"wp-block-group has-contrast-color has-accent-4-background-color has-text-color has-background has-link-color wp-elements-ccfcff77fc57fb948f32feaaca52358c has-global-padding is-content-justification-center is-layout-constrained wp-container-core-group-is-layout-c080d135 wp-block-group-is-layout-constrained\" style=\"border-radius:10px;min-height:30px;margin-top:0;margin-bottom:0;padding-top:0;padding-right:var(--wp--preset--spacing--20);padding-bottom:0;padding-left:var(--wp--preset--spacing--20)\">\n<p class=\"has-text-align-center has-medium-font-size\">Location de draps<\/p>\n<\/div>\n\n\n\n<div class=\"wp-block-group has-contrast-color has-accent-4-background-color has-text-color has-background has-link-color wp-elements-71890a5a70c30e456501780cde48d0d8 has-global-padding is-content-justification-center is-layout-constrained wp-container-core-group-is-layout-c080d135 wp-block-group-is-layout-constrained\" style=\"border-radius:10px;min-height:30px;margin-top:0;margin-bottom:0;padding-top:0;padding-right:var(--wp--preset--spacing--20);padding-bottom:0;padding-left:var(--wp--preset--spacing--20)\">\n<p class=\"has-text-align-center has-medium-font-size\">M\u00e9nage avec suppl\u00e9ment<\/p>\n<\/div>\n\n\n\n<div class=\"wp-block-group has-contrast-color has-accent-4-background-color has-text-color has-background has-link-color wp-elements-5478f0dde0c1a006ca681e167b5ad8ae has-global-padding is-content-justification-center is-layout-constrained wp-container-core-group-is-layout-c080d135 wp-block-group-is-layout-constrained\" style=\"border-radius:10px;min-height:30px;margin-top:0;margin-bottom:0;padding-top:0;padding-right:var(--wp--preset--spacing--20);padding-bottom:0;padding-left:var(--wp--preset--spacing--20)\">\n<p class=\"has-text-align-center has-medium-font-size\">Vente de l\u00e9gumes sur place<\/p>\n<\/div>\n<\/div>\n<\/div>\n<\/div>\n\n\n<div class=\"airbnb-embed-frame\" data-id=\"939680896417103995\" data-view=\"home\" data-hide-price=\"true\" style=\"width: 450px; height: 300px; margin: auto;\"><a href=\"https:\/\/www.airbnb.fr\/rooms\/939680896417103995?guests=1&amp;adults=1&amp;s=66&amp;source=embed_widget\">Voir sur Airbnb<\/a><a href=\"https:\/\/www.airbnb.fr\/rooms\/939680896417103995?guests=1&amp;adults=1&amp;s=66&amp;source=embed_widget\" rel=\"nofollow\">H\u00e9bergement \u00b7 Vassieux-en-Vercors \u00b7 \u26054,71 \u00b7 1 chambre \u00b7 3 lits \u00b7 1&nbsp;salle de bain<\/a><script async=\"\" src=\"https:\/\/www.airbnb.fr\/embeddable\/airbnb_jssdk\"><\/script><\/div>","protected":false},"excerpt":{"rendered":"<p>Disponibilit\u00e9s D\u00e9couvrez notre logement nich\u00e9 \u00e0 1100m d&rsquo;altitude, au c\u0153ur du magnifique parc naturel r\u00e9gional du Vercors. Id\u00e9alement situ\u00e9 pour vos s\u00e9jours d&rsquo;\u00e9t\u00e9 et d&rsquo;hiver, notre g\u00eete de montagne vous offre un acc\u00e8s privil\u00e9gi\u00e9 \u00e0 une multitude d&rsquo;activit\u00e9s de plein air. Situ\u00e9 \u00e0 seulement 1 km du stade de ski nordique, biathlon, raquettes et chiens [&hellip;]<\/p>\n","protected":false},"author":2,"featured_media":0,"parent":0,"menu_order":0,"comment_status":"closed","ping_status":"closed","template":"page-no-title","meta":{"footnotes":""},"class_list":["post-140","page","type-page","status-publish","hentry"],"aioseo_notices":[],"_links":{"self":[{"href":"https:\/\/le-potager-des-aubepines.fr\/index.php\/wp-json\/wp\/v2\/pages\/140","targetHints":{"allow":["GET"]}}],"collection":[{"href":"https:\/\/le-potager-des-aubepines.fr\/index.php\/wp-json\/wp\/v2\/pages"}],"about":[{"href":"https:\/\/le-potager-des-aubepines.fr\/index.php\/wp-json\/wp\/v2\/types\/page"}],"author":[{"embeddable":true,"href":"https:\/\/le-potager-des-aubepines.fr\/index.php\/wp-json\/wp\/v2\/users\/2"}],"replies":[{"embeddable":true,"href":"https:\/\/le-potager-des-aubepines.fr\/index.php\/wp-json\/wp\/v2\/comments?post=140"}],"version-history":[{"count":27,"href":"https:\/\/le-potager-des-aubepines.fr\/index.php\/wp-json\/wp\/v2\/pages\/140\/revisions"}],"predecessor-version":[{"id":318,"href":"https:\/\/le-potager-des-aubepines.fr\/index.php\/wp-json\/wp\/v2\/pages\/140\/revisions\/318"}],"wp:attachment":[{"href":"https:\/\/le-potager-des-aubepines.fr\/index.php\/wp-json\/wp\/v2\/media?parent=140"}],"curies":[{"name":"wp","href":"https:\/\/api.w.org\/{rel}","templated":true}]}}